{"id":14502,"date":"2026-04-22T12:23:18","date_gmt":"2026-04-22T12:23:18","guid":{"rendered":"https:\/\/nuevobus.com.ar.testdev.com.ar\/?page_id=14502"},"modified":"2026-04-22T12:38:27","modified_gmt":"2026-04-22T12:38:27","slug":"gracias-por-registrarte-preform","status":"publish","type":"page","link":"https:\/\/nuevobus.com\/en\/gracias-por-registrarte-preform\/","title":{"rendered":"Gracias por registrarte PREFORM"},"content":{"rendered":"<div data-elementor-type=\"wp-page\" data-elementor-id=\"14502\" class=\"elementor elementor-14502\" data-elementor-post-type=\"page\">\n\t\t\t\t<div class=\"elementor-element elementor-element-ca50387 e-con-full e-flex e-con e-parent\" data-id=\"ca50387\" data-element_type=\"container\" data-e-type=\"container\" data-settings=\"{&quot;background_background&quot;:&quot;classic&quot;}\">\n\t\t<div class=\"elementor-element elementor-element-dd28a3b e-flex e-con-boxed e-con e-child\" data-id=\"dd28a3b\" data-element_type=\"container\" data-e-type=\"container\">\n\t\t\t\t\t<div class=\"e-con-inner\">\n\t\t\t\t<div class=\"elementor-element elementor-element-4f9c5b9 elementor-absolute elementor-view-default elementor-widget elementor-widget-icon\" data-id=\"4f9c5b9\" data-element_type=\"widget\" data-e-type=\"widget\" data-settings=\"{&quot;_position&quot;:&quot;absolute&quot;}\" data-widget_type=\"icon.default\">\n\t\t\t\t\t\t\t<div class=\"elementor-icon-wrapper\">\n\t\t\t<a class=\"elementor-icon\" href=\"https:\/\/nuevobus.com\/trabaja-con-nosotros\/\">\n\t\t\t<svg aria-hidden=\"true\" class=\"e-font-icon-svg e-far-window-close\" viewbox=\"0 0 512 512\" xmlns=\"http:\/\/www.w3.org\/2000\/svg\"><path d=\"M464 32H48C21.5 32 0 53.5 0 80v352c0 26.5 21.5 48 48 48h416c26.5 0 48-21.5 48-48V80c0-26.5-21.5-48-48-48zm0 394c0 3.3-2.7 6-6 6H54c-3.3 0-6-2.7-6-6V86c0-3.3 2.7-6 6-6h404c3.3 0 6 2.7 6 6v340zM356.5 194.6L295.1 256l61.4 61.4c4.6 4.6 4.6 12.1 0 16.8l-22.3 22.3c-4.6 4.6-12.1 4.6-16.8 0L256 295.1l-61.4 61.4c-4.6 4.6-12.1 4.6-16.8 0l-22.3-22.3c-4.6-4.6-4.6-12.1 0-16.8l61.4-61.4-61.4-61.4c-4.6-4.6-4.6-12.1 0-16.8l22.3-22.3c4.6-4.6 12.1-4.6 16.8 0l61.4 61.4 61.4-61.4c4.6-4.6 12.1-4.6 16.8 0l22.3 22.3c4.7 4.6 4.7 12.1 0 16.8z\"><\/path><\/svg>\t\t\t<\/a>\n\t\t<\/div>\n\t\t\t\t\t\t<\/div>\n\t\t\t\t\t<\/div>\n\t\t\t\t<\/div>\n\t\t<div class=\"elementor-element elementor-element-cf0e3cc e-flex e-con-boxed e-con e-child\" data-id=\"cf0e3cc\" data-element_type=\"container\" data-e-type=\"container\">\n\t\t\t\t\t<div class=\"e-con-inner\">\n\t\t<div class=\"elementor-element elementor-element-ce718a9 e-flex e-con-boxed e-con e-child\" data-id=\"ce718a9\" data-element_type=\"container\" data-e-type=\"container\" data-settings=\"{&quot;background_background&quot;:&quot;classic&quot;}\">\n\t\t\t\t\t<div class=\"e-con-inner\">\n\t\t\t\t<div class=\"elementor-element elementor-element-ddcff5b elementor-widget elementor-widget-heading\" data-id=\"ddcff5b\" data-element_type=\"widget\" data-e-type=\"widget\" data-widget_type=\"heading.default\">\n\t\t\t\t\t<h2 class=\"elementor-heading-title elementor-size-default\">Datos enviados correctamente!<\/h2>\t\t\t\t<\/div>\n\t\t\t\t<div class=\"elementor-element elementor-element-8b8feb0 elementor-widget__width-initial elementor-widget elementor-widget-text-editor\" data-id=\"8b8feb0\" data-element_type=\"widget\" data-e-type=\"widget\" data-widget_type=\"text-editor.default\">\n\t\t\t\t\t\t\t\t\t<p>Hemos recibido tu preformulario y Curr\u00edculum Vitae. Gracias por postularte para formar parte de Nuevo Bus. Si tu perfil cumple con los requisitos operativos y de salud de nuestras b\u00fasquedas actuales, nuestro equipo te estar\u00e1 contactando a trav\u00e9s de los medios que nos proporcionaste. Muchas gracias.<\/p>\t\t\t\t\t\t\t\t<\/div>\n\t\t\t\t\t<\/div>\n\t\t\t\t<\/div>\n\t\t\t\t\t<\/div>\n\t\t\t\t<\/div>\n\t\t\t\t<\/div>\n\t\t\t\t<\/div>","protected":false},"excerpt":{"rendered":"<p>Datos enviados correctamente! Hemos recibido tu preformulario y Curr\u00edculum Vitae. Gracias por postularte para formar parte de Nuevo Bus. Si tu perfil cumple con los requisitos operativos y de salud de nuestras b\u00fasquedas actuales, nuestro equipo te estar\u00e1 contactando a trav\u00e9s de los medios que nos proporcionaste. Muchas gracias.<\/p>","protected":false},"author":1,"featured_media":0,"parent":0,"menu_order":0,"comment_status":"closed","ping_status":"closed","template":"elementor_canvas","meta":{"footnotes":""},"class_list":["post-14502","page","type-page","status-publish","hentry"],"_links":{"self":[{"href":"https:\/\/nuevobus.com\/en\/wp-json\/wp\/v2\/pages\/14502","targetHints":{"allow":["GET"]}}],"collection":[{"href":"https:\/\/nuevobus.com\/en\/wp-json\/wp\/v2\/pages"}],"about":[{"href":"https:\/\/nuevobus.com\/en\/wp-json\/wp\/v2\/types\/page"}],"author":[{"embeddable":true,"href":"https:\/\/nuevobus.com\/en\/wp-json\/wp\/v2\/users\/1"}],"replies":[{"embeddable":true,"href":"https:\/\/nuevobus.com\/en\/wp-json\/wp\/v2\/comments?post=14502"}],"version-history":[{"count":46,"href":"https:\/\/nuevobus.com\/en\/wp-json\/wp\/v2\/pages\/14502\/revisions"}],"predecessor-version":[{"id":14550,"href":"https:\/\/nuevobus.com\/en\/wp-json\/wp\/v2\/pages\/14502\/revisions\/14550"}],"wp:attachment":[{"href":"https:\/\/nuevobus.com\/en\/wp-json\/wp\/v2\/media?parent=14502"}],"curies":[{"name":"wp","href":"https:\/\/api.w.org\/{rel}","templated":true}]}}