{"id":27,"date":"2025-10-02T13:24:27","date_gmt":"2025-10-02T13:24:27","guid":{"rendered":"https:\/\/nuevobus.com.ar.testdev.com.ar\/?page_id=27"},"modified":"2026-04-22T13:09:13","modified_gmt":"2026-04-22T13:09:13","slug":"certificaciones","status":"publish","type":"page","link":"https:\/\/nuevobus.com\/en\/certificaciones\/","title":{"rendered":"Certifications"},"content":{"rendered":"<div data-elementor-type=\"wp-page\" data-elementor-id=\"27\" class=\"elementor elementor-27\" data-elementor-post-type=\"page\">\n\t\t\t\t<div class=\"elementor-element elementor-element-82fb1fd e-flex e-con-boxed e-con e-parent\" data-id=\"82fb1fd\" data-element_type=\"container\" data-e-type=\"container\">\n\t\t\t\t\t<div class=\"e-con-inner\">\n\t\t<div class=\"elementor-element elementor-element-171288c e-con-full e-flex e-con e-child\" data-id=\"171288c\" data-element_type=\"container\" data-e-type=\"container\">\n\t\t\t\t<div class=\"elementor-element elementor-element-dcc42f1 elementor-fixed elementor-view-stacked elementor-shape-circle elementor-widget elementor-widget-icon\" data-id=\"dcc42f1\" data-element_type=\"widget\" data-e-type=\"widget\" data-settings=\"{&quot;_position&quot;:&quot;fixed&quot;}\" data-widget_type=\"icon.default\">\n\t\t\t\t\t\t\t<div class=\"elementor-icon-wrapper\">\n\t\t\t<a class=\"elementor-icon elementor-animation-pop\" href=\"https:\/\/nuevobus.com\/compliance\/\">\n\t\t\t<svg aria-hidden=\"true\" class=\"e-font-icon-svg e-fas-angle-left\" viewbox=\"0 0 256 512\" xmlns=\"http:\/\/www.w3.org\/2000\/svg\"><path d=\"M31.7 239l136-136c9.4-9.4 24.6-9.4 33.9 0l22.6 22.6c9.4 9.4 9.4 24.6 0 33.9L127.9 256l96.4 96.4c9.4 9.4 9.4 24.6 0 33.9L201.7 409c-9.4 9.4-24.6 9.4-33.9 0l-136-136c-9.5-9.4-9.5-24.6-.1-34z\"><\/path><\/svg>\t\t\t<\/a>\n\t\t<\/div>\n\t\t\t\t\t\t<\/div>\n\t\t\t\t<div class=\"elementor-element elementor-element-ac20f8a elementor-fixed elementor-view-stacked elementor-shape-circle elementor-widget elementor-widget-icon\" data-id=\"ac20f8a\" data-element_type=\"widget\" data-e-type=\"widget\" data-settings=\"{&quot;_position&quot;:&quot;fixed&quot;}\" data-widget_type=\"icon.default\">\n\t\t\t\t\t\t\t<div class=\"elementor-icon-wrapper\">\n\t\t\t<a class=\"elementor-icon elementor-animation-pop\" href=\"https:\/\/nuevobus.com\/blog\/\">\n\t\t\t<svg aria-hidden=\"true\" class=\"e-font-icon-svg e-fas-angle-right\" viewbox=\"0 0 256 512\" xmlns=\"http:\/\/www.w3.org\/2000\/svg\"><path d=\"M224.3 273l-136 136c-9.4 9.4-24.6 9.4-33.9 0l-22.6-22.6c-9.4-9.4-9.4-24.6 0-33.9l96.4-96.4-96.4-96.4c-9.4-9.4-9.4-24.6 0-33.9L54.3 103c9.4-9.4 24.6-9.4 33.9 0l136 136c9.5 9.4 9.5 24.6.1 34z\"><\/path><\/svg>\t\t\t<\/a>\n\t\t<\/div>\n\t\t\t\t\t\t<\/div>\n\t\t\t\t<\/div>\n\t\t<div class=\"elementor-element elementor-element-5dd5097 e-con-full e-flex e-con e-child\" data-id=\"5dd5097\" data-element_type=\"container\" data-e-type=\"container\">\n\t\t\t\t<div class=\"elementor-element elementor-element-459b5a5 elementor-widget elementor-widget-heading\" data-id=\"459b5a5\" data-element_type=\"widget\" data-e-type=\"widget\" data-widget_type=\"heading.default\">\n\t\t\t\t\t<h2 class=\"elementor-heading-title elementor-size-default\">Certifications<\/h2>\t\t\t\t<\/div>\n\t\t\t\t<div class=\"elementor-element elementor-element-282cc99 elementor-widget elementor-widget-text-editor\" data-id=\"282cc99\" data-element_type=\"widget\" data-e-type=\"widget\" data-widget_type=\"text-editor.default\">\n\t\t\t\t\t\t\t\t\t<p><span class=\"a_GcMg font-feature-liga-off font-feature-clig-off font-feature-calt-off text-decoration-none text-strikethrough-none\">Nuevo Bus se encuentra actualmente en proceso de certificaci\u00f3n de las normas ISO 9001 e IRAM 3810. Este proceso de auditor\u00eda refleja nuestra dedicaci\u00f3n por alcanzar la excelencia operativa y la m\u00e1xima seguridad en el transporte, aline\u00e1ndonos con los est\u00e1ndares globales m\u00e1s exigentes del sector.<\/span><\/p>\t\t\t\t\t\t\t\t<\/div>\n\t\t\t\t<\/div>\n\t\t<div class=\"elementor-element elementor-element-4c70e2c e-con-full e-flex e-con e-child\" data-id=\"4c70e2c\" data-element_type=\"container\" data-e-type=\"container\">\n\t\t\t\t<div class=\"elementor-element elementor-element-0af50a0 elementor-widget elementor-widget-image\" data-id=\"0af50a0\" data-element_type=\"widget\" data-e-type=\"widget\" data-widget_type=\"image.default\">\n\t\t\t\t\t\t\t\t\t\t\t\t\t\t\t<img fetchpriority=\"high\" decoding=\"async\" width=\"1920\" height=\"1080\" src=\"https:\/\/nuevobus.com\/wp-content\/uploads\/2026\/03\/logo-iso.png\" class=\"attachment-full size-full wp-image-14358\" alt=\"\" srcset=\"https:\/\/nuevobus.com\/wp-content\/uploads\/2026\/03\/logo-iso.png 1920w, https:\/\/nuevobus.com\/wp-content\/uploads\/2026\/03\/logo-iso-300x169.png 300w, https:\/\/nuevobus.com\/wp-content\/uploads\/2026\/03\/logo-iso-1024x576.png 1024w, https:\/\/nuevobus.com\/wp-content\/uploads\/2026\/03\/logo-iso-768x432.png 768w, https:\/\/nuevobus.com\/wp-content\/uploads\/2026\/03\/logo-iso-1536x864.png 1536w, https:\/\/nuevobus.com\/wp-content\/uploads\/2026\/03\/logo-iso-18x10.png 18w\" sizes=\"(max-width: 1920px) 100vw, 1920px\" \/>\t\t\t\t\t\t\t\t\t\t\t\t\t\t\t<\/div>\n\t\t\t\t<div class=\"elementor-element elementor-element-9f0e5a5 elementor-widget elementor-widget-image\" data-id=\"9f0e5a5\" data-element_type=\"widget\" data-e-type=\"widget\" data-widget_type=\"image.default\">\n\t\t\t\t\t\t\t\t\t\t\t\t\t\t\t<img decoding=\"async\" width=\"1920\" height=\"1080\" src=\"https:\/\/nuevobus.com\/wp-content\/uploads\/2026\/03\/logo-iram.png\" class=\"attachment-full size-full wp-image-14357\" alt=\"\" srcset=\"https:\/\/nuevobus.com\/wp-content\/uploads\/2026\/03\/logo-iram.png 1920w, https:\/\/nuevobus.com\/wp-content\/uploads\/2026\/03\/logo-iram-300x169.png 300w, https:\/\/nuevobus.com\/wp-content\/uploads\/2026\/03\/logo-iram-1024x576.png 1024w, https:\/\/nuevobus.com\/wp-content\/uploads\/2026\/03\/logo-iram-768x432.png 768w, https:\/\/nuevobus.com\/wp-content\/uploads\/2026\/03\/logo-iram-1536x864.png 1536w, https:\/\/nuevobus.com\/wp-content\/uploads\/2026\/03\/logo-iram-18x10.png 18w\" sizes=\"(max-width: 1920px) 100vw, 1920px\" \/>\t\t\t\t\t\t\t\t\t\t\t\t\t\t\t<\/div>\n\t\t\t\t<\/div>\n\t\t\t\t\t<\/div>\n\t\t\t\t<\/div>\n\t\t\t\t<\/div>","protected":false},"excerpt":{"rendered":"<p>Certificaciones Nuevo Bus se encuentra actualmente en proceso de certificaci\u00f3n de las normas ISO 9001 e IRAM 3810. Este proceso de auditor\u00eda refleja nuestra dedicaci\u00f3n por alcanzar la excelencia operativa y la m\u00e1xima seguridad en el transporte, aline\u00e1ndonos con los est\u00e1ndares globales m\u00e1s exigentes del sector.<\/p>","protected":false},"author":1,"featured_media":0,"parent":0,"menu_order":0,"comment_status":"closed","ping_status":"closed","template":"","meta":{"footnotes":""},"class_list":["post-27","page","type-page","status-publish","hentry"],"_links":{"self":[{"href":"https:\/\/nuevobus.com\/en\/wp-json\/wp\/v2\/pages\/27","targetHints":{"allow":["GET"]}}],"collection":[{"href":"https:\/\/nuevobus.com\/en\/wp-json\/wp\/v2\/pages"}],"about":[{"href":"https:\/\/nuevobus.com\/en\/wp-json\/wp\/v2\/types\/page"}],"author":[{"embeddable":true,"href":"https:\/\/nuevobus.com\/en\/wp-json\/wp\/v2\/users\/1"}],"replies":[{"embeddable":true,"href":"https:\/\/nuevobus.com\/en\/wp-json\/wp\/v2\/comments?post=27"}],"version-history":[{"count":28,"href":"https:\/\/nuevobus.com\/en\/wp-json\/wp\/v2\/pages\/27\/revisions"}],"predecessor-version":[{"id":14577,"href":"https:\/\/nuevobus.com\/en\/wp-json\/wp\/v2\/pages\/27\/revisions\/14577"}],"wp:attachment":[{"href":"https:\/\/nuevobus.com\/en\/wp-json\/wp\/v2\/media?parent=27"}],"curies":[{"name":"wp","href":"https:\/\/api.w.org\/{rel}","templated":true}]}}