{"id":31,"date":"2025-10-02T13:25:16","date_gmt":"2025-10-02T13:25:16","guid":{"rendered":"https:\/\/nuevobus.com.ar.testdev.com.ar\/?page_id=31"},"modified":"2026-04-22T13:07:13","modified_gmt":"2026-04-22T13:07:13","slug":"blog","status":"publish","type":"page","link":"https:\/\/nuevobus.com\/en\/blog\/","title":{"rendered":"Blog"},"content":{"rendered":"\t\t<div data-elementor-type=\"wp-page\" data-elementor-id=\"31\" class=\"elementor elementor-31\" data-elementor-post-type=\"page\">\n\t\t\t\t<div class=\"elementor-element elementor-element-3515123 e-flex e-con-boxed e-con e-child\" data-id=\"3515123\" data-element_type=\"container\" data-e-type=\"container\">\n\t\t\t\t\t<div class=\"e-con-inner\">\n\t\t<div class=\"elementor-element elementor-element-d1b1427 e-con-full e-flex e-con e-child\" data-id=\"d1b1427\" data-element_type=\"container\" data-e-type=\"container\">\n\t\t\t\t<div class=\"elementor-element elementor-element-a905155 elementor-widget elementor-widget-jet-listing-grid\" data-id=\"a905155\" data-element_type=\"widget\" data-e-type=\"widget\" data-settings=\"{&quot;columns&quot;:&quot;3&quot;,&quot;columns_tablet&quot;:&quot;2&quot;,&quot;columns_mobile&quot;:&quot;1&quot;}\" data-widget_type=\"jet-listing-grid.default\">\n\t\t\t\t\t<div class=\"jet-listing-grid jet-listing\"><div class=\"jet-listing-grid__items grid-col-desk-3 grid-col-tablet-2 grid-col-mobile-1 jet-listing-grid--533 jet-equal-columns__wrapper\" data-queried-id=\"31|WP_Post\" data-nav=\"{&quot;enabled&quot;:false,&quot;type&quot;:null,&quot;more_el&quot;:null,&quot;query&quot;:[],&quot;widget_settings&quot;:{&quot;lisitng_id&quot;:533,&quot;posts_num&quot;:3,&quot;columns&quot;:3,&quot;columns_tablet&quot;:2,&quot;columns_mobile&quot;:1,&quot;column_min_width&quot;:240,&quot;column_min_width_tablet&quot;:240,&quot;column_min_width_mobile&quot;:240,&quot;inline_columns_css&quot;:false,&quot;is_archive_template&quot;:&quot;&quot;,&quot;post_status&quot;:[&quot;publish&quot;],&quot;use_random_posts_num&quot;:&quot;&quot;,&quot;max_posts_num&quot;:9,&quot;not_found_message&quot;:&quot;No data was found&quot;,&quot;is_masonry&quot;:false,&quot;equal_columns_height&quot;:&quot;yes&quot;,&quot;use_load_more&quot;:&quot;&quot;,&quot;load_more_id&quot;:&quot;&quot;,&quot;load_more_type&quot;:&quot;click&quot;,&quot;load_more_offset&quot;:{&quot;unit&quot;:&quot;px&quot;,&quot;size&quot;:0,&quot;sizes&quot;:[]},&quot;use_custom_post_types&quot;:&quot;&quot;,&quot;custom_post_types&quot;:[],&quot;hide_widget_if&quot;:&quot;&quot;,&quot;carousel_enabled&quot;:&quot;&quot;,&quot;slides_to_scroll&quot;:&quot;1&quot;,&quot;arrows&quot;:&quot;true&quot;,&quot;arrow_icon&quot;:&quot;fa fa-angle-left&quot;,&quot;dots&quot;:&quot;&quot;,&quot;autoplay&quot;:&quot;true&quot;,&quot;pause_on_hover&quot;:&quot;true&quot;,&quot;autoplay_speed&quot;:5000,&quot;infinite&quot;:&quot;true&quot;,&quot;center_mode&quot;:&quot;&quot;,&quot;effect&quot;:&quot;slide&quot;,&quot;speed&quot;:500,&quot;inject_alternative_items&quot;:&quot;&quot;,&quot;injection_items&quot;:[],&quot;scroll_slider_enabled&quot;:&quot;&quot;,&quot;scroll_slider_on&quot;:[&quot;desktop&quot;,&quot;tablet&quot;,&quot;mobile&quot;],&quot;custom_query&quot;:false,&quot;custom_query_id&quot;:&quot;&quot;,&quot;_element_id&quot;:&quot;&quot;,&quot;collapse_first_last_gap&quot;:false,&quot;list_tag_selection&quot;:&quot;&quot;,&quot;list_items_wrapper_tag&quot;:&quot;div&quot;,&quot;list_item_tag&quot;:&quot;div&quot;,&quot;empty_items_wrapper_tag&quot;:&quot;div&quot;}}\" data-page=\"1\" data-pages=\"1\" data-listing-source=\"posts\" data-listing-id=\"533\" data-query-id=\"\"><div class=\"jet-listing-grid__item jet-listing-dynamic-post-781 jet-equal-columns\" data-post-id=\"781\"  >\t\t<div data-elementor-type=\"jet-listing-items\" data-elementor-id=\"533\" class=\"elementor elementor-533\" data-elementor-post-type=\"jet-engine\">\n\t\t\t\t<div class=\"elementor-element elementor-element-819dd19 e-flex e-con-boxed e-con e-parent\" data-id=\"819dd19\" data-element_type=\"container\" data-e-type=\"container\">\n\t\t\t\t\t<div class=\"e-con-inner\">\n\t\t\t\t<div class=\"elementor-element elementor-element-1d12b70 elementor-widget elementor-widget-image\" data-id=\"1d12b70\" data-element_type=\"widget\" data-e-type=\"widget\" data-widget_type=\"image.default\">\n\t\t\t\t\t\t\t\t\t\t\t\t\t\t\t\t<a href=\"https:\/\/nuevobus.com\/en\/titulo\/blog-1\/\">\n\t\t\t\t\t\t\t<img fetchpriority=\"high\" decoding=\"async\" width=\"421\" height=\"425\" src=\"https:\/\/nuevobus.com\/wp-content\/uploads\/2025\/10\/LIST-16.png\" class=\"elementor-animation-shrink attachment-full size-full wp-image-2628\" alt=\"\" srcset=\"https:\/\/nuevobus.com\/wp-content\/uploads\/2025\/10\/LIST-16.png 421w, https:\/\/nuevobus.com\/wp-content\/uploads\/2025\/10\/LIST-16-297x300.png 297w, https:\/\/nuevobus.com\/wp-content\/uploads\/2025\/10\/LIST-16-150x150.png 150w, https:\/\/nuevobus.com\/wp-content\/uploads\/2025\/10\/LIST-16-12x12.png 12w\" sizes=\"(max-width: 421px) 100vw, 421px\" \/>\t\t\t\t\t\t\t\t<\/a>\n\t\t\t\t\t\t\t\t\t\t\t\t\t\t\t<\/div>\n\t\t<div class=\"elementor-element elementor-element-858adc3 e-con-full e-flex e-con e-child\" data-id=\"858adc3\" data-element_type=\"container\" data-e-type=\"container\">\n\t\t\t\t<div class=\"elementor-element elementor-element-27f3997 elementor-widget elementor-widget-heading\" data-id=\"27f3997\" data-element_type=\"widget\" data-e-type=\"widget\" data-widget_type=\"heading.default\">\n\t\t\t\t\t<h2 class=\"elementor-heading-title elementor-size-default\">El talento femenino al volante de la transformaci\u00f3n industrial<\/h2>\t\t\t\t<\/div>\n\t\t\t\t<div class=\"elementor-element elementor-element-5adab3f elementor-widget elementor-widget-text-editor\" data-id=\"5adab3f\" data-element_type=\"widget\" data-e-type=\"widget\" data-widget_type=\"text-editor.default\">\n\t\t\t\t\t\t\t\t\tEn la inmensidad de la Puna Salte\u00f1a, donde el ox\u00edgeno se vuelve un lujo y el viento dicta las normas de supervivencia, el silencio ha sido durante siglos\t\t\t\t\t\t\t\t<\/div>\n\t\t\t\t<\/div>\n\t\t\t\t\t<\/div>\n\t\t\t\t<\/div>\n\t\t<div class=\"elementor-element elementor-element-96557fd e-flex e-con-boxed e-con e-parent\" data-id=\"96557fd\" data-element_type=\"container\" data-e-type=\"container\">\n\t\t\t\t\t<div class=\"e-con-inner\">\n\t\t\t\t<div class=\"elementor-element elementor-element-70ce3fd elementor-align-center elementor-widget elementor-widget-button\" data-id=\"70ce3fd\" data-element_type=\"widget\" data-e-type=\"widget\" data-widget_type=\"button.default\">\n\t\t\t\t\t\t\t\t\t\t<a class=\"elementor-button elementor-button-link elementor-size-sm\" href=\"https:\/\/nuevobus.com\/en\/titulo\/blog-1\/\">\n\t\t\t\t\t\t<span class=\"elementor-button-content-wrapper\">\n\t\t\t\t\t\t\t\t\t<span class=\"elementor-button-text\">Ver m\u00e1s<\/span>\n\t\t\t\t\t<\/span>\n\t\t\t\t\t<\/a>\n\t\t\t\t\t\t\t\t<\/div>\n\t\t\t\t\t<\/div>\n\t\t\t\t<\/div>\n\t\t\t\t<\/div>\n\t\t<\/div><div class=\"jet-listing-grid__item jet-listing-dynamic-post-783 jet-equal-columns\" data-post-id=\"783\"  >\t\t<div data-elementor-type=\"jet-listing-items\" data-elementor-id=\"533\" class=\"elementor elementor-533\" data-elementor-post-type=\"jet-engine\">\n\t\t\t\t<div class=\"elementor-element elementor-element-819dd19 e-flex e-con-boxed e-con e-parent\" data-id=\"819dd19\" data-element_type=\"container\" data-e-type=\"container\">\n\t\t\t\t\t<div class=\"e-con-inner\">\n\t\t\t\t<div class=\"elementor-element elementor-element-1d12b70 elementor-widget elementor-widget-image\" data-id=\"1d12b70\" data-element_type=\"widget\" data-e-type=\"widget\" data-widget_type=\"image.default\">\n\t\t\t\t\t\t\t\t\t\t\t\t\t\t\t\t<a href=\"https:\/\/nuevobus.com\/en\/titulo\/blog-2\/\">\n\t\t\t\t\t\t\t<img decoding=\"async\" width=\"2048\" height=\"2048\" src=\"https:\/\/nuevobus.com\/wp-content\/uploads\/2025\/10\/Image_juiig4juiig4juii-1.png\" class=\"elementor-animation-shrink attachment-full size-full wp-image-14348\" alt=\"\" srcset=\"https:\/\/nuevobus.com\/wp-content\/uploads\/2025\/10\/Image_juiig4juiig4juii-1.png 2048w, https:\/\/nuevobus.com\/wp-content\/uploads\/2025\/10\/Image_juiig4juiig4juii-1-300x300.png 300w, https:\/\/nuevobus.com\/wp-content\/uploads\/2025\/10\/Image_juiig4juiig4juii-1-1024x1024.png 1024w, https:\/\/nuevobus.com\/wp-content\/uploads\/2025\/10\/Image_juiig4juiig4juii-1-150x150.png 150w, https:\/\/nuevobus.com\/wp-content\/uploads\/2025\/10\/Image_juiig4juiig4juii-1-768x768.png 768w, https:\/\/nuevobus.com\/wp-content\/uploads\/2025\/10\/Image_juiig4juiig4juii-1-1536x1536.png 1536w, https:\/\/nuevobus.com\/wp-content\/uploads\/2025\/10\/Image_juiig4juiig4juii-1-12x12.png 12w\" sizes=\"(max-width: 2048px) 100vw, 2048px\" \/>\t\t\t\t\t\t\t\t<\/a>\n\t\t\t\t\t\t\t\t\t\t\t\t\t\t\t<\/div>\n\t\t<div class=\"elementor-element elementor-element-858adc3 e-con-full e-flex e-con e-child\" data-id=\"858adc3\" data-element_type=\"container\" data-e-type=\"container\">\n\t\t\t\t<div class=\"elementor-element elementor-element-27f3997 elementor-widget elementor-widget-heading\" data-id=\"27f3997\" data-element_type=\"widget\" data-e-type=\"widget\" data-widget_type=\"heading.default\">\n\t\t\t\t\t<h2 class=\"elementor-heading-title elementor-size-default\">Pachamama: El Coraz\u00f3n Espiritual de nuestra Log\u00edstica en Alta Monta\u00f1a<\/h2>\t\t\t\t<\/div>\n\t\t\t\t<div class=\"elementor-element elementor-element-5adab3f elementor-widget elementor-widget-text-editor\" data-id=\"5adab3f\" data-element_type=\"widget\" data-e-type=\"widget\" data-widget_type=\"text-editor.default\">\n\t\t\t\t\t\t\t\t\tEn Nuevo Bus, la operatividad no se basa solo en tecnolog\u00eda de punta; se cimienta en el respeto profundo por el territorio que recorremos.\t\t\t\t\t\t\t\t<\/div>\n\t\t\t\t<\/div>\n\t\t\t\t\t<\/div>\n\t\t\t\t<\/div>\n\t\t<div class=\"elementor-element elementor-element-96557fd e-flex e-con-boxed e-con e-parent\" data-id=\"96557fd\" data-element_type=\"container\" data-e-type=\"container\">\n\t\t\t\t\t<div class=\"e-con-inner\">\n\t\t\t\t<div class=\"elementor-element elementor-element-70ce3fd elementor-align-center elementor-widget elementor-widget-button\" data-id=\"70ce3fd\" data-element_type=\"widget\" data-e-type=\"widget\" data-widget_type=\"button.default\">\n\t\t\t\t\t\t\t\t\t\t<a class=\"elementor-button elementor-button-link elementor-size-sm\" href=\"https:\/\/nuevobus.com\/en\/titulo\/blog-2\/\">\n\t\t\t\t\t\t<span class=\"elementor-button-content-wrapper\">\n\t\t\t\t\t\t\t\t\t<span class=\"elementor-button-text\">Ver m\u00e1s<\/span>\n\t\t\t\t\t<\/span>\n\t\t\t\t\t<\/a>\n\t\t\t\t\t\t\t\t<\/div>\n\t\t\t\t\t<\/div>\n\t\t\t\t<\/div>\n\t\t\t\t<\/div>\n\t\t<\/div><div class=\"jet-listing-grid__item jet-listing-dynamic-post-13327 jet-equal-columns\" data-post-id=\"13327\"  >\t\t<div data-elementor-type=\"jet-listing-items\" data-elementor-id=\"533\" class=\"elementor elementor-533\" data-elementor-post-type=\"jet-engine\">\n\t\t\t\t<div class=\"elementor-element elementor-element-819dd19 e-flex e-con-boxed e-con e-parent\" data-id=\"819dd19\" data-element_type=\"container\" data-e-type=\"container\">\n\t\t\t\t\t<div class=\"e-con-inner\">\n\t\t\t\t<div class=\"elementor-element elementor-element-1d12b70 elementor-widget elementor-widget-image\" data-id=\"1d12b70\" data-element_type=\"widget\" data-e-type=\"widget\" data-widget_type=\"image.default\">\n\t\t\t\t\t\t\t\t\t\t\t\t\t\t\t\t<a href=\"https:\/\/nuevobus.com\/en\/titulo\/blog-3\/\">\n\t\t\t\t\t\t\t<img decoding=\"async\" width=\"425\" height=\"426\" src=\"https:\/\/nuevobus.com\/wp-content\/uploads\/2025\/10\/LIST-17.png\" class=\"elementor-animation-shrink attachment-full size-full wp-image-2629\" alt=\"\" srcset=\"https:\/\/nuevobus.com\/wp-content\/uploads\/2025\/10\/LIST-17.png 425w, https:\/\/nuevobus.com\/wp-content\/uploads\/2025\/10\/LIST-17-300x300.png 300w, https:\/\/nuevobus.com\/wp-content\/uploads\/2025\/10\/LIST-17-150x150.png 150w, https:\/\/nuevobus.com\/wp-content\/uploads\/2025\/10\/LIST-17-12x12.png 12w\" sizes=\"(max-width: 425px) 100vw, 425px\" \/>\t\t\t\t\t\t\t\t<\/a>\n\t\t\t\t\t\t\t\t\t\t\t\t\t\t\t<\/div>\n\t\t<div class=\"elementor-element elementor-element-858adc3 e-con-full e-flex e-con e-child\" data-id=\"858adc3\" data-element_type=\"container\" data-e-type=\"container\">\n\t\t\t\t<div class=\"elementor-element elementor-element-27f3997 elementor-widget elementor-widget-heading\" data-id=\"27f3997\" data-element_type=\"widget\" data-e-type=\"widget\" data-widget_type=\"heading.default\">\n\t\t\t\t\t<h2 class=\"elementor-heading-title elementor-size-default\">Ra\u00edces que mueven el futuro: El legado de resiliencia de Do\u00f1a Pascuala Puca de Vacazur<\/h2>\t\t\t\t<\/div>\n\t\t\t\t<div class=\"elementor-element elementor-element-5adab3f elementor-widget elementor-widget-text-editor\" data-id=\"5adab3f\" data-element_type=\"widget\" data-e-type=\"widget\" data-widget_type=\"text-editor.default\">\n\t\t\t\t\t\t\t\t\tEn el coraz\u00f3n de la Puna salte\u00f1a, donde el viento y el fr\u00edo extremo ponen a prueba la determinaci\u00f3n, se forj\u00f3 el ADN de lo que hoy conocemos como Nuevo Bus.\t\t\t\t\t\t\t\t<\/div>\n\t\t\t\t<\/div>\n\t\t\t\t\t<\/div>\n\t\t\t\t<\/div>\n\t\t<div class=\"elementor-element elementor-element-96557fd e-flex e-con-boxed e-con e-parent\" data-id=\"96557fd\" data-element_type=\"container\" data-e-type=\"container\">\n\t\t\t\t\t<div class=\"e-con-inner\">\n\t\t\t\t<div class=\"elementor-element elementor-element-70ce3fd elementor-align-center elementor-widget elementor-widget-button\" data-id=\"70ce3fd\" data-element_type=\"widget\" data-e-type=\"widget\" data-widget_type=\"button.default\">\n\t\t\t\t\t\t\t\t\t\t<a class=\"elementor-button elementor-button-link elementor-size-sm\" href=\"https:\/\/nuevobus.com\/en\/titulo\/blog-3\/\">\n\t\t\t\t\t\t<span class=\"elementor-button-content-wrapper\">\n\t\t\t\t\t\t\t\t\t<span class=\"elementor-button-text\">Ver m\u00e1s<\/span>\n\t\t\t\t\t<\/span>\n\t\t\t\t\t<\/a>\n\t\t\t\t\t\t\t\t<\/div>\n\t\t\t\t\t<\/div>\n\t\t\t\t<\/div>\n\t\t\t\t<\/div>\n\t\t<\/div><\/div><\/div>\t\t\t\t<\/div>\n\t\t\t\t<\/div>\n\t\t\t\t\t<\/div>\n\t\t\t\t<\/div>\n\t\t<div class=\"elementor-element elementor-element-f37262c e-flex e-con-boxed e-con e-parent\" data-id=\"f37262c\" data-element_type=\"container\" data-e-type=\"container\">\n\t\t\t\t\t<div class=\"e-con-inner\">\n\t\t\t\t<div class=\"elementor-element elementor-element-76e78b2 elementor-fixed elementor-view-stacked elementor-shape-circle elementor-widget elementor-widget-icon\" data-id=\"76e78b2\" data-element_type=\"widget\" data-e-type=\"widget\" data-settings=\"{&quot;_position&quot;:&quot;fixed&quot;}\" data-widget_type=\"icon.default\">\n\t\t\t\t\t\t\t<div class=\"elementor-icon-wrapper\">\n\t\t\t<a class=\"elementor-icon elementor-animation-pop\" href=\"https:\/\/nuevobus.com\/certificaciones\/\">\n\t\t\t<svg aria-hidden=\"true\" class=\"e-font-icon-svg e-fas-angle-left\" viewBox=\"0 0 256 512\" xmlns=\"http:\/\/www.w3.org\/2000\/svg\"><path d=\"M31.7 239l136-136c9.4-9.4 24.6-9.4 33.9 0l22.6 22.6c9.4 9.4 9.4 24.6 0 33.9L127.9 256l96.4 96.4c9.4 9.4 9.4 24.6 0 33.9L201.7 409c-9.4 9.4-24.6 9.4-33.9 0l-136-136c-9.5-9.4-9.5-24.6-.1-34z\"><\/path><\/svg>\t\t\t<\/a>\n\t\t<\/div>\n\t\t\t\t\t\t<\/div>\n\t\t\t\t<div class=\"elementor-element elementor-element-f8ebd0e elementor-fixed elementor-view-stacked elementor-shape-circle elementor-widget elementor-widget-icon\" data-id=\"f8ebd0e\" data-element_type=\"widget\" data-e-type=\"widget\" data-settings=\"{&quot;_position&quot;:&quot;fixed&quot;}\" data-widget_type=\"icon.default\">\n\t\t\t\t\t\t\t<div class=\"elementor-icon-wrapper\">\n\t\t\t<a class=\"elementor-icon elementor-animation-pop\" href=\"https:\/\/nuevobus.com\/contactenos\/\">\n\t\t\t<svg aria-hidden=\"true\" class=\"e-font-icon-svg e-fas-angle-right\" viewBox=\"0 0 256 512\" xmlns=\"http:\/\/www.w3.org\/2000\/svg\"><path d=\"M224.3 273l-136 136c-9.4 9.4-24.6 9.4-33.9 0l-22.6-22.6c-9.4-9.4-9.4-24.6 0-33.9l96.4-96.4-96.4-96.4c-9.4-9.4-9.4-24.6 0-33.9L54.3 103c9.4-9.4 24.6-9.4 33.9 0l136 136c9.5 9.4 9.5 24.6.1 34z\"><\/path><\/svg>\t\t\t<\/a>\n\t\t<\/div>\n\t\t\t\t\t\t<\/div>\n\t\t\t\t\t<\/div>\n\t\t\t\t<\/div>\n\t\t\t\t<\/div>\n\t\t","protected":false},"excerpt":{"rendered":"<p>Ver m\u00e1s Ver m\u00e1s Ver m\u00e1s<\/p>","protected":false},"author":1,"featured_media":0,"parent":0,"menu_order":0,"comment_status":"closed","ping_status":"closed","template":"","meta":{"footnotes":""},"class_list":["post-31","page","type-page","status-publish","hentry"],"_links":{"self":[{"href":"https:\/\/nuevobus.com\/en\/wp-json\/wp\/v2\/pages\/31","targetHints":{"allow":["GET"]}}],"collection":[{"href":"https:\/\/nuevobus.com\/en\/wp-json\/wp\/v2\/pages"}],"about":[{"href":"https:\/\/nuevobus.com\/en\/wp-json\/wp\/v2\/types\/page"}],"author":[{"embeddable":true,"href":"https:\/\/nuevobus.com\/en\/wp-json\/wp\/v2\/users\/1"}],"replies":[{"embeddable":true,"href":"https:\/\/nuevobus.com\/en\/wp-json\/wp\/v2\/comments?post=31"}],"version-history":[{"count":58,"href":"https:\/\/nuevobus.com\/en\/wp-json\/wp\/v2\/pages\/31\/revisions"}],"predecessor-version":[{"id":14574,"href":"https:\/\/nuevobus.com\/en\/wp-json\/wp\/v2\/pages\/31\/revisions\/14574"}],"wp:attachment":[{"href":"https:\/\/nuevobus.com\/en\/wp-json\/wp\/v2\/media?parent=31"}],"curies":[{"name":"wp","href":"https:\/\/api.w.org\/{rel}","templated":true}]}}